{"id":335,"date":"2020-12-29T16:14:17","date_gmt":"2020-12-29T15:14:17","guid":{"rendered":"http:\/\/www.railavenir.com\/?page_id=335"},"modified":"2021-04-08T16:40:45","modified_gmt":"2021-04-08T14:40:45","slug":"mobilites-douces","status":"publish","type":"page","link":"https:\/\/www.railavenir.com\/index.php\/mobilites-douces\/","title":{"rendered":"Mobilit\u00e9s douces"},"content":{"rendered":"\n<p><strong>Tout d&rsquo;abord une synth\u00e8se sur la mobilit\u00e9 plus propre<\/strong>:<\/p>\n\n\n\n<p><strong>Nous sommes une association qui milite pour la mobilit\u00e9, toutes les mobilit\u00e9s confondues, m\u00eame si la voiture et le bus ne font pas partie de nos pr\u00e9occupations prioritaires (m\u00eame la voiture \u00e9lectrique, pour des raisons qui demanderaient quelques explicitations)<\/strong>.\u00a0<\/p>\n\n\n\n<p>Apr\u00e8s un petit travail de recherche sur Internet, nous pla\u00e7ons sur notre site quelques informations essentielles concernant ce type de mobilit\u00e9&nbsp;:<\/p>\n\n\n\n<p><strong>La mobilit\u00e9 douce<\/strong>&nbsp;: d\u00e9finition (source&nbsp;:&nbsp;<a href=\"https:\/\/www.securite-routiere-az.fr\/m\/mobilite-douce\/\">https:\/\/www.securite-routiere-az.fr\/m\/mobilite-douce\/<\/a>)<\/p>\n\n\n\n<p>La&nbsp;<a href=\"https:\/\/www.securite-routiere-az.fr\/m\/mobilite-douce\/m\/mobilite\/\">mobilit\u00e9<\/a>&nbsp;douce d\u00e9signe un d\u00e9placement&nbsp;dont le moyen de&nbsp;<a href=\"https:\/\/www.securite-routiere-az.fr\/m\/mobilite-douce\/l\/locomotion\/\">locomotion<\/a>&nbsp;a uniquement recours \u00e0 la force musculaire, tels que la marche \u00e0 pied&nbsp;ou le<a href=\"https:\/\/www.securite-routiere-az.fr\/m\/mobilite-douce\/v\/velo\/\">&nbsp;v\u00e9lo<\/a>, ce qui exclue les moyens motoris\u00e9s;<\/p>\n\n\n\n<p><strong>Commentaires&nbsp;:<\/strong><\/p>\n\n\n\n<p>Ce terme de mobilit\u00e9 douce ou de&nbsp;<a href=\"https:\/\/www.securite-routiere-az.fr\/m\/mobilite-douce\/m\/mode-doux\/\">mode doux&nbsp;<\/a>est apparu dans les ann\u00e9es 2000 pour&nbsp;qualifier la promotion des d\u00e9placements qui ne causent pas d&rsquo;\u00e9missions de dioxyde, la marche \u00e0 pied et le v\u00e9lo, et marquer&nbsp;l&rsquo;avenant d&rsquo;engins de d\u00e9placement non motoris\u00e9s&nbsp;revenant \u00e0 la mode&nbsp;tels que&nbsp;les rollers ou les&nbsp;<a href=\"https:\/\/www.securite-routiere-az.fr\/m\/mobilite-douce\/t\/trottinettes\/\">trottinettes<\/a>.&nbsp;<\/p>\n\n\n\n<p>Il s&rsquo;agit d&rsquo;une mani\u00e8re de se d\u00e9placer sans polluer l&rsquo;environnement et sans gaz \u00e0 effet de serre, e t \u00e0 vitesse plus lente que les v\u00e9hicules motoris\u00e9s, d&rsquo;o\u00f9 l&#8217;emploi du mot mobilit\u00e9 qui, lui, s&rsquo;est substitu\u00e9 au terme : circulation utilis\u00e9e dans les ann\u00e9es 80, puis d\u00e9placement dans les ann\u00e9es 90. Ce terme de mobilit\u00e9 douce&nbsp;a tendance \u00e0 \u00eatre remplacer dans les ann\u00e9es 2010&nbsp;par le terme de \u00ab&nbsp;<a href=\"https:\/\/www.securite-routiere-az.fr\/m\/mobilite-douce\/m\/mobilite-active2\/\">mobilit\u00e9 active&nbsp;<\/a>\u00bb qui signifie que ces modes sont aussi bon pour la sant\u00e9.<\/p>\n\n\n\n<p>L&rsquo;arriv\u00e9e des engins de d\u00e9placement personnel motoris\u00e9s (dit EDP)&nbsp;qui tentent d&rsquo;envahir les villes depuis deux-trois ans, modifie le paysage de la mobilit\u00e9 d&rsquo;autant que le lobby commercial de ces engins&nbsp;essaie de s&rsquo;approprier le terme de mobilit\u00e9 douce ou de mobilit\u00e9 active.&nbsp;Pr\u00e9f\u00e9rant utiliser les trottoirs, ces engins posent d&rsquo;\u00e9vidents probl\u00e8mes de s\u00e9curit\u00e9 pour les pi\u00e9tons.<\/p>\n\n\n\n<p>La mobilit\u00e9 douce ou la mobilit\u00e9 active&nbsp;constitue la population des&nbsp;<a href=\"https:\/\/www.securite-routiere-az.fr\/m\/mobilite-douce\/v\/usager-vulnerable\/\">usagers dits vuln\u00e9rables<\/a>, bien que parfois, on&nbsp;classe parfois dans les statistiques accidents&nbsp;les motocyclistes \u00e9galement come des usagers vuln\u00e9rables.<br>En savoir plus :&nbsp;<a href=\"https:\/\/www.securite-routiere-az.fr\/m\/mobilite-douce\/?utm_source=copy&amp;utm_medium=paste&amp;utm_campaign=copypaste&amp;utm_content=https%3A%2F%2Fwww.securite-routiere-az.fr%2Fm%2Fmobilite-douce%2F\">https:\/\/www.securite-routiere-az.fr\/m\/mobilite-douce\/<\/a><\/p>\n\n\n\n<figure class=\"wp-block-image size-large\"><img loading=\"lazy\" decoding=\"async\" width=\"768\" height=\"438\" src=\"https:\/\/www.railavenir.com\/wp-content\/uploads\/2021\/04\/Capture-decran-2021-04-07-a-10.58.04.png\" alt=\"\" class=\"wp-image-853\" srcset=\"https:\/\/www.railavenir.com\/wp-content\/uploads\/2021\/04\/Capture-decran-2021-04-07-a-10.58.04.png 768w, https:\/\/www.railavenir.com\/wp-content\/uploads\/2021\/04\/Capture-decran-2021-04-07-a-10.58.04-300x171.png 300w\" sizes=\"auto, (max-width: 768px) 100vw, 768px\" \/><\/figure>\n\n\n\n<p><strong>Quelques adresses qui peuvent vous \u00eatre utiles<\/strong>\u00a0:<\/p>\n\n\n\n<p>Les voies vertes en France&nbsp;:<\/p>\n\n\n\n<p><a href=\"https:\/\/www.francevelotourisme.com\/conseils\/preparer-voyage-velo\/voie-verte\">https:\/\/www.francevelotourisme.com\/conseils\/preparer-voyage-velo\/voie-verte<\/a><\/p>\n\n\n\n<p>Par exemple&nbsp;:&nbsp;V50 : La Voie Bleue, Moselle-Sa\u00f4ne \u00e0 v\u00e9lo, de Fontenoy-le-Ch\u00e2teau \u00e0 Jussey (Haute-Sa\u00f4ne): <a href=\"https:\/\/www.af3v.org\/les-voies-vertes\/voies\/828-search_tag\/\">Le LIEN ICI<\/a><\/p>\n\n\n\n<p>Voici une photo prise sur cette voie:<\/p>\n\n\n\n<figure class=\"wp-block-image size-large\"><img loading=\"lazy\" decoding=\"async\" width=\"860\" height=\"550\" src=\"https:\/\/www.railavenir.com\/wp-content\/uploads\/2021\/04\/Capture-decran-2021-04-07-a-12.25.19.png\" alt=\"\" class=\"wp-image-848\" srcset=\"https:\/\/www.railavenir.com\/wp-content\/uploads\/2021\/04\/Capture-decran-2021-04-07-a-12.25.19.png 860w, https:\/\/www.railavenir.com\/wp-content\/uploads\/2021\/04\/Capture-decran-2021-04-07-a-12.25.19-300x192.png 300w, https:\/\/www.railavenir.com\/wp-content\/uploads\/2021\/04\/Capture-decran-2021-04-07-a-12.25.19-768x491.png 768w\" sizes=\"auto, (max-width: 860px) 100vw, 860px\" \/><\/figure>\n\n\n\n<p><strong>Remarque<\/strong>&nbsp;: les voies vertes se situent sur des trac\u00e9s divers, en particulier des plateformes d\u2019anciennes voies ferr\u00e9es. Si on consid\u00e8re que le train devrait \u00eatre un mode de transport prioritaire, on peut regretter et certains ne s\u2019en privent pas (dont je suis), le remplacement des rails par des voies o\u00f9 circulent des v\u00e9los et des pi\u00e9tons&nbsp;; en effet, les chemins vicinaux sont nombreux dans nos campagnes. Mais, on peut aussi consid\u00e9rer que les plateformes sont ainsi pr\u00e9serv\u00e9es (combien ont \u00e9t\u00e9 d\u00e9truites, d\u2019autres vou\u00e9es \u00e0 l\u2019abandon total) en attendant un retour (hypoth\u00e9tique, diront d\u2019autres) du mode de transport ferroviaire&nbsp;!&#8230;<\/p>\n\n\n\n<p>En revanche, il semblerait que les voies vertes procurent aux campagnes travers\u00e9es un essor \u00e9conomique non-n\u00e9gligeable\u2026 Ce point est tr\u00e8s important.&nbsp;<\/p>\n\n\n\n<p>La mobilit\u00e9 douce \u00e0 Verdun: <a href=\"https:\/\/www.cirkwi.com\/fr\/circuit\/59736-balade-a-velo-verdun-le-champ-de-bataille\">UN LIEN ICI<\/a><\/p>\n\n\n\n<figure class=\"wp-block-image size-large\"><img loading=\"lazy\" decoding=\"async\" width=\"661\" height=\"606\" src=\"https:\/\/www.railavenir.com\/wp-content\/uploads\/2021\/04\/Capture-decran-2021-04-08-a-16.02.11.png\" alt=\"\" class=\"wp-image-850\" srcset=\"https:\/\/www.railavenir.com\/wp-content\/uploads\/2021\/04\/Capture-decran-2021-04-08-a-16.02.11.png 661w, https:\/\/www.railavenir.com\/wp-content\/uploads\/2021\/04\/Capture-decran-2021-04-08-a-16.02.11-300x275.png 300w\" sizes=\"auto, (max-width: 661px) 100vw, 661px\" \/><\/figure>\n\n\n\n<p><strong>Quelques autres adresses pour prendre connaissance de la mobilit\u00e9 douce dans notre r\u00e9gion proche<\/strong>\u00a0:<\/p>\n\n\n\n<p>Voie verte du Sud-Ardenne&nbsp;: <a href=\"https:\/\/cd08.fr\/le-cd08-en-action\/les-grands-projets\/la-voie-verte-sud-ardennes\">ENCORE UN LIEN<\/a><\/p>\n\n\n\n<figure class=\"wp-block-image size-large\"><img loading=\"lazy\" decoding=\"async\" width=\"744\" height=\"543\" src=\"https:\/\/www.railavenir.com\/wp-content\/uploads\/2021\/04\/Capture-decran-2021-04-07-a-10.58.34.png\" alt=\"\" class=\"wp-image-852\" srcset=\"https:\/\/www.railavenir.com\/wp-content\/uploads\/2021\/04\/Capture-decran-2021-04-07-a-10.58.34.png 744w, https:\/\/www.railavenir.com\/wp-content\/uploads\/2021\/04\/Capture-decran-2021-04-07-a-10.58.34-300x219.png 300w\" sizes=\"auto, (max-width: 744px) 100vw, 744px\" \/><\/figure>\n\n\n\n<p>Voies vertes de la Marne&nbsp;: <a href=\"http:\/\/www.voiesvertes.com\/htm\/departement51.htm\">TROUVEZ ICI<\/a><\/p>\n\n\n\n<p>A v\u00e9lo en Meuse: <a href=\"https:\/\/www.lameuse.fr\/fr\/se-deplacer-en-meuse\/en-velo.html\">UN AUTRE LIEN<\/a>; <a href=\"https:\/\/www.lameuse.fr\/fr\/que-faire\/bouger\/en-velo.html\/?mb_id=59737&amp;mb_titre=balade-a-velo-au-pays-de-l-arbre-roi&amp;mb_page=circuit&amp;\/&amp;mbScrollTo=module\">PUIS UN AUTRE<\/a><\/p>\n\n\n\n<p>A v\u00e9lo en Argonne&nbsp;:<a href=\"http:\/\/www.argonne.fr\/je-bouge-et-profite\/randonnees\/randonnee-vtt\/\"> ET ENFIN CELUI-CI<\/a><\/p>\n\n\n\n<p>Les voies vertes en France:<\/p>\n\n\n\n<figure class=\"wp-block-image size-large\"><img loading=\"lazy\" decoding=\"async\" width=\"723\" height=\"729\" src=\"https:\/\/www.railavenir.com\/wp-content\/uploads\/2021\/04\/Capture-decran-2021-04-07-a-10.57.27.png\" alt=\"\" class=\"wp-image-854\" srcset=\"https:\/\/www.railavenir.com\/wp-content\/uploads\/2021\/04\/Capture-decran-2021-04-07-a-10.57.27.png 723w, https:\/\/www.railavenir.com\/wp-content\/uploads\/2021\/04\/Capture-decran-2021-04-07-a-10.57.27-298x300.png 298w, https:\/\/www.railavenir.com\/wp-content\/uploads\/2021\/04\/Capture-decran-2021-04-07-a-10.57.27-150x150.png 150w\" sizes=\"auto, (max-width: 723px) 100vw, 723px\" \/><\/figure>\n\n\n\n<p>Un texte sur la mobilit\u00e9 plus propre:<\/p>\n\n\n\n<div class=\"wp-block-image\"><figure class=\"aligncenter size-large is-resized\"><a href=\"http:\/\/www.railavenir.com\/wp-content\/uploads\/2020\/12\/v4-lbv-27-12_theme1-mobilites_plus_propres785a.pdf\"><img loading=\"lazy\" decoding=\"async\" src=\"http:\/\/www.railavenir.com\/wp-content\/uploads\/2020\/12\/Capture-decran-2020-12-29-a-13.42.59.png\" alt=\"\" class=\"wp-image-265\" width=\"188\" height=\"261\" srcset=\"https:\/\/www.railavenir.com\/wp-content\/uploads\/2020\/12\/Capture-decran-2020-12-29-a-13.42.59.png 381w, https:\/\/www.railavenir.com\/wp-content\/uploads\/2020\/12\/Capture-decran-2020-12-29-a-13.42.59-216x300.png 216w\" sizes=\"auto, (max-width: 188px) 100vw, 188px\" \/><\/a><figcaption>Synth\u00e8se de l&rsquo;atelier th\u00e9matique : mobilit\u00e9s plus propres<\/figcaption><\/figure><\/div>\n\n\n\n<p><\/p>\n\n\n\n<p><\/p>\n\n\n\n<h2 class=\"wp-block-heading\"><strong>Ensuite un texte sur le v\u00e9lo<\/strong>:<\/h2>\n\n\n\n<p>Train + V\u00e9lo, une synergie vertueuse&nbsp;&nbsp;&nbsp;&nbsp;&nbsp;Saison 1 (auteure: Sylvie Queinnec)<\/p>\n\n\n\n<p>( Article \u00ab&nbsp;hors Covid 19&nbsp;\u00bb)<\/p>\n\n\n\n<p>En pr\u00e9ambule, le constat !&nbsp;&nbsp;<\/p>\n\n\n\n<p>Construire des voitures&#8230;Et mettre tous ses \u0153ufs dans le m\u00eame panier&#8230;<\/p>\n\n\n\n<p>Nous payons maintenant les effets de la&nbsp;&nbsp;politique tout-voiture fran\u00e7aise.<\/p>\n\n\n\n<p>\u00c9talement urbain, pollution sonore et a\u00e9rienne, dont les \u00e9missions de GES et de particules, encombrement&nbsp;&nbsp;de l&rsquo;espace public par&nbsp;&nbsp;&nbsp;<strong>=&gt;\/\/&nbsp;<\/strong>les voitures \u00e0 l&rsquo;arr\u00eat ou en \u00ab&nbsp;mouvement&nbsp;\u00bb (on devrait dire moteur en marche&#8230;) sont des probl\u00e8mes&nbsp;&nbsp;auxquels doivent faire face les collectivit\u00e9s locales.<\/p>\n\n\n\n<p>Concernant les particules, qui augmentent notre vuln\u00e9rabilit\u00e9 aux infections respiratoires&nbsp;&nbsp;et aux&nbsp;&nbsp;accidents&nbsp;&nbsp;cardiaques, une \u00e9tude de 2020 a montr\u00e9 qu&rsquo;en ville ces particules sont issues \u00e0 plus<\/p>\n\n\n\n<p>de 55% de l&rsquo;abrasion des plaquettes de frein. Ce danger pour notre sant\u00e9 ne sera donc en rien modifi\u00e9 par le remplacement (s&rsquo;il \u00e9tait possible)&nbsp;&nbsp;du parc automobile par des voitures \u00e9lectriques ou \u00e0 hydrog\u00e9ne.<\/p>\n\n\n\n<p><strong>42% des d\u00e9placements de moins de 1km pour se rendre sur les lieux de travail se font \u2026 en&nbsp;&nbsp;voiture.&nbsp;<\/strong>(INSEE 01\/2021)<strong>&nbsp;\/\/&lt;=<\/strong><\/p>\n\n\n\n<p>Des solutions ? Un rayon lumineux&#8230;<\/p>\n\n\n\n<p>&nbsp;Strasbourg, Nantes, Bordeaux, Rennes, Angers, pour citer quelques villes dont les plus embl\u00e9matiques&nbsp;&nbsp;se sont donn\u00e9s&nbsp;&nbsp;des objectifs&nbsp;&nbsp;de part modale v\u00e9lo \u00e0 2 chiffres ( France urbaine 2%, Strasbourg ville d\u00e9j\u00e0 15% , 8% agglo&#8230;).<\/p>\n\n\n\n<p>Une politique ambitieuse et volontariste en faveur du v\u00e9lo est&nbsp;<strong>&nbsp;=&gt;\/\/<\/strong>&nbsp;un projet global qui doit comporter :<\/p>\n\n\n\n<ul class=\"wp-block-list\"><li>des am\u00e9nagements et infrastructures de voirie s\u00e9curis\u00e9s, se d\u00e9placer \u00e0 v\u00e9lo ne doit pas vouloir dire se mettre en danger.<\/li><li>des espaces de stationnements d\u00e9di\u00e9s et adapt\u00e9s aux usages, simples ou abrit\u00e9s des intemp\u00e9ries, voire ferm\u00e9s, payants ou non&#8230;Pas question de risquer de se faire voler son v\u00e9lo \u00e0 chaque sortie.<\/li><li>une offre intelligente de v\u00e9los en libre-service ou en location longue dur\u00e9e \u00e0 co\u00fbt maitris\u00e9.<\/li><li>des points d&rsquo;accueil v\u00e9lo, pour des r\u00e9parations urgentes, ou de simples r\u00e9glages;<\/li><li><strong>des transports en commun pens\u00e9s pour l&rsquo;intermodalit\u00e9, afin d&rsquo;augmenter le nombre de trajets possibles sans voiture.<\/strong><strong>&nbsp;\/\/&lt;=<\/strong><\/li><\/ul>\n\n\n\n<p>A v\u00e9lo,&nbsp;&nbsp;pour prendre le train sans stress !<\/p>\n\n\n\n<p>&nbsp;Episode 1 Les trajets du quotidien.<\/p>\n\n\n\n<p>L&rsquo;exemple alsacien : quand on veut, on peut.<\/p>\n\n\n\n<p>Un petit tour en Alsace fait du bien, on ne c\u00e9lebrera jamais assez sa gastronomie et ses bons vins.<\/p>\n\n\n\n<p>Mais pour se donner de l&rsquo;espoir aller faire un tour du cot\u00e9 des&nbsp;<strong>&nbsp;=&gt;\/\/&nbsp;<\/strong>gares est bon pour le moral.<\/p>\n\n\n\n<p>Strasbourg : le parvis de la gare etait envahi de v\u00e9los ! La m\u00e9tropole a du rajouter&nbsp;&nbsp;des arceaux passant ainsi \u00e0 3000 places de stationnement v\u00e9lo, \u00e0 et pr\u00e9s de la gare dont 850 payantes en sous sol !<\/p>\n\n\n\n<p>Imagine t-on 3000 autosolistes tentant de se garer pour prendre le train ? Non, ils iraient directement \u00e0 leur destination en voiture.<\/p>\n\n\n\n<p>Toutes les gares alsaciuennes ont \u00e9t\u00e9 confront\u00e9es \u00e0 cet afflus de v\u00e9los \u00e0 g\u00e9rer. Tant mieux ! Car cela prouve que quand les conditions en sont r\u00e9unies, les citoyens font le choix intelligent de d\u00e9penser&nbsp;&nbsp;moins et de se maintenir en sant\u00e9 tout en permettant \u00e0 toute la collectivit\u00e9 de b\u00e9n\u00e9ficier de l&rsquo;am\u00e9lioration des conditions de vie li\u00e9es \u00e0 un meilleur environnement.<\/p>\n\n\n\n<p>En conclusion,&nbsp;&nbsp;r\u00e9aliser les conditions d&rsquo;un usage confortable et efficace du v\u00e9lo pour les \u00ab&nbsp;v\u00e9lotaffeurs&nbsp;\u00bb entraine un acc\u00e9s facilit\u00e9 aux gares et un meilleur taux de remplissage des trains du quotidien.&nbsp;<strong>\/\/&lt;=<\/strong><\/p>\n","protected":false},"excerpt":{"rendered":"<p>Tout d&rsquo;abord une synth\u00e8se sur la mobilit\u00e9 plus propre: Nous sommes une association qui milite pour la mobilit\u00e9, toutes les<\/p>\n","protected":false},"author":1,"featured_media":0,"parent":0,"menu_order":0,"comment_status":"closed","ping_status":"closed","template":"","meta":{"footnotes":""},"class_list":["post-335","page","type-page","status-publish","hentry"],"aioseo_notices":[],"yoast_head":"<!-- This site is optimized with the Yoast SEO plugin v24.8.1 - https:\/\/yoast.com\/wordpress\/plugins\/seo\/ -->\n<title>Mobilit\u00e9s douces - Rail Avenir<\/title>\n<meta name=\"robots\" content=\"index, follow, max-snippet:-1, max-image-preview:large, max-video-preview:-1\" \/>\n<link rel=\"canonical\" href=\"https:\/\/www.railavenir.com\/index.php\/mobilites-douces\/\" \/>\n<meta property=\"og:locale\" content=\"fr_FR\" \/>\n<meta property=\"og:type\" content=\"article\" \/>\n<meta property=\"og:title\" content=\"Mobilit\u00e9s douces - Rail Avenir\" \/>\n<meta property=\"og:description\" content=\"Tout d&rsquo;abord une synth\u00e8se sur la mobilit\u00e9 plus propre: Nous sommes une association qui milite pour la mobilit\u00e9, toutes les\" \/>\n<meta property=\"og:url\" content=\"https:\/\/www.railavenir.com\/index.php\/mobilites-douces\/\" \/>\n<meta property=\"og:site_name\" content=\"Rail Avenir\" \/>\n<meta property=\"article:modified_time\" content=\"2021-04-08T14:40:45+00:00\" \/>\n<meta property=\"og:image\" content=\"https:\/\/www.railavenir.com\/wp-content\/uploads\/2021\/04\/Capture-decran-2021-04-07-a-10.58.04.png\" \/>\n<meta name=\"twitter:card\" content=\"summary_large_image\" \/>\n<meta name=\"twitter:label1\" content=\"Dur\u00e9e de lecture estim\u00e9e\" \/>\n\t<meta name=\"twitter:data1\" content=\"6 minutes\" \/>\n<script type=\"application\/ld+json\" class=\"yoast-schema-graph\">{\"@context\":\"https:\/\/schema.org\",\"@graph\":[{\"@type\":\"WebPage\",\"@id\":\"https:\/\/www.railavenir.com\/index.php\/mobilites-douces\/\",\"url\":\"https:\/\/www.railavenir.com\/index.php\/mobilites-douces\/\",\"name\":\"Mobilit\u00e9s douces - Rail Avenir\",\"isPartOf\":{\"@id\":\"https:\/\/www.railavenir.com\/#website\"},\"primaryImageOfPage\":{\"@id\":\"https:\/\/www.railavenir.com\/index.php\/mobilites-douces\/#primaryimage\"},\"image\":{\"@id\":\"https:\/\/www.railavenir.com\/index.php\/mobilites-douces\/#primaryimage\"},\"thumbnailUrl\":\"https:\/\/www.railavenir.com\/wp-content\/uploads\/2021\/04\/Capture-decran-2021-04-07-a-10.58.04.png\",\"datePublished\":\"2020-12-29T15:14:17+00:00\",\"dateModified\":\"2021-04-08T14:40:45+00:00\",\"breadcrumb\":{\"@id\":\"https:\/\/www.railavenir.com\/index.php\/mobilites-douces\/#breadcrumb\"},\"inLanguage\":\"fr-FR\",\"potentialAction\":[{\"@type\":\"ReadAction\",\"target\":[\"https:\/\/www.railavenir.com\/index.php\/mobilites-douces\/\"]}]},{\"@type\":\"ImageObject\",\"inLanguage\":\"fr-FR\",\"@id\":\"https:\/\/www.railavenir.com\/index.php\/mobilites-douces\/#primaryimage\",\"url\":\"https:\/\/www.railavenir.com\/wp-content\/uploads\/2021\/04\/Capture-decran-2021-04-07-a-10.58.04.png\",\"contentUrl\":\"https:\/\/www.railavenir.com\/wp-content\/uploads\/2021\/04\/Capture-decran-2021-04-07-a-10.58.04.png\",\"width\":768,\"height\":438},{\"@type\":\"BreadcrumbList\",\"@id\":\"https:\/\/www.railavenir.com\/index.php\/mobilites-douces\/#breadcrumb\",\"itemListElement\":[{\"@type\":\"ListItem\",\"position\":1,\"name\":\"Accueil\",\"item\":\"https:\/\/www.railavenir.com\/\"},{\"@type\":\"ListItem\",\"position\":2,\"name\":\"Mobilit\u00e9s douces\"}]},{\"@type\":\"WebSite\",\"@id\":\"https:\/\/www.railavenir.com\/#website\",\"url\":\"https:\/\/www.railavenir.com\/\",\"name\":\"Rail Avenir\",\"description\":\"Association Rail Avenir\",\"publisher\":{\"@id\":\"https:\/\/www.railavenir.com\/#organization\"},\"potentialAction\":[{\"@type\":\"SearchAction\",\"target\":{\"@type\":\"EntryPoint\",\"urlTemplate\":\"https:\/\/www.railavenir.com\/?s={search_term_string}\"},\"query-input\":{\"@type\":\"PropertyValueSpecification\",\"valueRequired\":true,\"valueName\":\"search_term_string\"}}],\"inLanguage\":\"fr-FR\"},{\"@type\":\"Organization\",\"@id\":\"https:\/\/www.railavenir.com\/#organization\",\"name\":\"Rail Avenir\",\"url\":\"https:\/\/www.railavenir.com\/\",\"logo\":{\"@type\":\"ImageObject\",\"inLanguage\":\"fr-FR\",\"@id\":\"https:\/\/www.railavenir.com\/#\/schema\/logo\/image\/\",\"url\":\"https:\/\/www.railavenir.com\/wp-content\/uploads\/2021\/02\/cropped-Logo-officiel-Rail-Avenir.png\",\"contentUrl\":\"https:\/\/www.railavenir.com\/wp-content\/uploads\/2021\/02\/cropped-Logo-officiel-Rail-Avenir.png\",\"width\":150,\"height\":150,\"caption\":\"Rail Avenir\"},\"image\":{\"@id\":\"https:\/\/www.railavenir.com\/#\/schema\/logo\/image\/\"}}]}<\/script>\n<!-- \/ Yoast SEO plugin. -->","yoast_head_json":{"title":"Mobilit\u00e9s douces - Rail Avenir","robots":{"index":"index","follow":"follow","max-snippet":"max-snippet:-1","max-image-preview":"max-image-preview:large","max-video-preview":"max-video-preview:-1"},"canonical":"https:\/\/www.railavenir.com\/index.php\/mobilites-douces\/","og_locale":"fr_FR","og_type":"article","og_title":"Mobilit\u00e9s douces - Rail Avenir","og_description":"Tout d&rsquo;abord une synth\u00e8se sur la mobilit\u00e9 plus propre: Nous sommes une association qui milite pour la mobilit\u00e9, toutes les","og_url":"https:\/\/www.railavenir.com\/index.php\/mobilites-douces\/","og_site_name":"Rail Avenir","article_modified_time":"2021-04-08T14:40:45+00:00","og_image":[{"url":"https:\/\/www.railavenir.com\/wp-content\/uploads\/2021\/04\/Capture-decran-2021-04-07-a-10.58.04.png","type":"","width":"","height":""}],"twitter_card":"summary_large_image","twitter_misc":{"Dur\u00e9e de lecture estim\u00e9e":"6 minutes"},"schema":{"@context":"https:\/\/schema.org","@graph":[{"@type":"WebPage","@id":"https:\/\/www.railavenir.com\/index.php\/mobilites-douces\/","url":"https:\/\/www.railavenir.com\/index.php\/mobilites-douces\/","name":"Mobilit\u00e9s douces - Rail Avenir","isPartOf":{"@id":"https:\/\/www.railavenir.com\/#website"},"primaryImageOfPage":{"@id":"https:\/\/www.railavenir.com\/index.php\/mobilites-douces\/#primaryimage"},"image":{"@id":"https:\/\/www.railavenir.com\/index.php\/mobilites-douces\/#primaryimage"},"thumbnailUrl":"https:\/\/www.railavenir.com\/wp-content\/uploads\/2021\/04\/Capture-decran-2021-04-07-a-10.58.04.png","datePublished":"2020-12-29T15:14:17+00:00","dateModified":"2021-04-08T14:40:45+00:00","breadcrumb":{"@id":"https:\/\/www.railavenir.com\/index.php\/mobilites-douces\/#breadcrumb"},"inLanguage":"fr-FR","potentialAction":[{"@type":"ReadAction","target":["https:\/\/www.railavenir.com\/index.php\/mobilites-douces\/"]}]},{"@type":"ImageObject","inLanguage":"fr-FR","@id":"https:\/\/www.railavenir.com\/index.php\/mobilites-douces\/#primaryimage","url":"https:\/\/www.railavenir.com\/wp-content\/uploads\/2021\/04\/Capture-decran-2021-04-07-a-10.58.04.png","contentUrl":"https:\/\/www.railavenir.com\/wp-content\/uploads\/2021\/04\/Capture-decran-2021-04-07-a-10.58.04.png","width":768,"height":438},{"@type":"BreadcrumbList","@id":"https:\/\/www.railavenir.com\/index.php\/mobilites-douces\/#breadcrumb","itemListElement":[{"@type":"ListItem","position":1,"name":"Accueil","item":"https:\/\/www.railavenir.com\/"},{"@type":"ListItem","position":2,"name":"Mobilit\u00e9s douces"}]},{"@type":"WebSite","@id":"https:\/\/www.railavenir.com\/#website","url":"https:\/\/www.railavenir.com\/","name":"Rail Avenir","description":"Association Rail Avenir","publisher":{"@id":"https:\/\/www.railavenir.com\/#organization"},"potentialAction":[{"@type":"SearchAction","target":{"@type":"EntryPoint","urlTemplate":"https:\/\/www.railavenir.com\/?s={search_term_string}"},"query-input":{"@type":"PropertyValueSpecification","valueRequired":true,"valueName":"search_term_string"}}],"inLanguage":"fr-FR"},{"@type":"Organization","@id":"https:\/\/www.railavenir.com\/#organization","name":"Rail Avenir","url":"https:\/\/www.railavenir.com\/","logo":{"@type":"ImageObject","inLanguage":"fr-FR","@id":"https:\/\/www.railavenir.com\/#\/schema\/logo\/image\/","url":"https:\/\/www.railavenir.com\/wp-content\/uploads\/2021\/02\/cropped-Logo-officiel-Rail-Avenir.png","contentUrl":"https:\/\/www.railavenir.com\/wp-content\/uploads\/2021\/02\/cropped-Logo-officiel-Rail-Avenir.png","width":150,"height":150,"caption":"Rail Avenir"},"image":{"@id":"https:\/\/www.railavenir.com\/#\/schema\/logo\/image\/"}}]}},"_links":{"self":[{"href":"https:\/\/www.railavenir.com\/index.php\/wp-json\/wp\/v2\/pages\/335","targetHints":{"allow":["GET"]}}],"collection":[{"href":"https:\/\/www.railavenir.com\/index.php\/wp-json\/wp\/v2\/pages"}],"about":[{"href":"https:\/\/www.railavenir.com\/index.php\/wp-json\/wp\/v2\/types\/page"}],"author":[{"embeddable":true,"href":"https:\/\/www.railavenir.com\/index.php\/wp-json\/wp\/v2\/users\/1"}],"replies":[{"embeddable":true,"href":"https:\/\/www.railavenir.com\/index.php\/wp-json\/wp\/v2\/comments?post=335"}],"version-history":[{"count":11,"href":"https:\/\/www.railavenir.com\/index.php\/wp-json\/wp\/v2\/pages\/335\/revisions"}],"predecessor-version":[{"id":856,"href":"https:\/\/www.railavenir.com\/index.php\/wp-json\/wp\/v2\/pages\/335\/revisions\/856"}],"wp:attachment":[{"href":"https:\/\/www.railavenir.com\/index.php\/wp-json\/wp\/v2\/media?parent=335"}],"curies":[{"name":"wp","href":"https:\/\/api.w.org\/{rel}","templated":true}]}}