{"id":36,"date":"2020-10-28T15:57:49","date_gmt":"2020-10-28T14:57:49","guid":{"rendered":"http:\/\/www.railavenir.com\/?page_id=36"},"modified":"2021-10-15T15:18:36","modified_gmt":"2021-10-15T13:18:36","slug":"sujets-en-cours","status":"publish","type":"page","link":"https:\/\/www.railavenir.com\/index.php\/sujets-en-cours\/","title":{"rendered":"Sujets en cours&#8230;"},"content":{"rendered":"<ul class=\"wp-block-latest-posts__list is-grid columns-3 wp-block-latest-posts\"><li><a class=\"wp-block-latest-posts__post-title\" href=\"https:\/\/www.railavenir.com\/index.php\/2025\/10\/27\/bordereau-inscription-visite-lohr\/\">Bordereau inscription visite LOHR<\/a><\/li>\n<li><a class=\"wp-block-latest-posts__post-title\" href=\"https:\/\/www.railavenir.com\/index.php\/2025\/10\/27\/lettre-adherents-elus-et-usagers-octobre-2025\/\">Lettre adh\u00e9rents \u00e9lus et usagers Octobre 2025<\/a><\/li>\n<li><a class=\"wp-block-latest-posts__post-title\" href=\"https:\/\/www.railavenir.com\/index.php\/2025\/04\/07\/gares-routieres-un-rapport-preconise-dameliorer-linformation-et-douvrir-des-guichets\/\">Gares routi\u00e8res : un rapport pr\u00e9conise d&rsquo;am\u00e9liorer l&rsquo;information et d&rsquo;ouvrir des guichets\u00a0<\/a><\/li>\n<li><a class=\"wp-block-latest-posts__post-title\" href=\"https:\/\/www.railavenir.com\/index.php\/2025\/04\/07\/lag-de-lassociation-le-26-avril-2025\/\">L&rsquo;AG de l&rsquo;association &#8211; le 26 avril 2025<\/a><\/li>\n<li><a class=\"wp-block-latest-posts__post-title\" href=\"https:\/\/www.railavenir.com\/index.php\/2025\/04\/07\/bref-apercu-de-la-journee-nationale-detudes\/\">BREF APERCU de la JOURNEE NATIONALE d\u2019ETUDES<\/a><\/li>\n<li><a class=\"wp-block-latest-posts__post-title\" href=\"https:\/\/www.railavenir.com\/index.php\/2025\/03\/10\/on-a-teste-les-premiers-bus-sans-chauffeur-qui-vont-circuler-en-france\/\">On a test\u00e9 les premiers \u00ab bus sans chauffeur\u00a0\u00bb qui vont circuler en France !<\/a><\/li>\n<li><a class=\"wp-block-latest-posts__post-title\" href=\"https:\/\/www.railavenir.com\/index.php\/2025\/03\/10\/jarny-la-frequentation-de-la-gare-sncf-a-augmente-de-30-en-cinq-ans\/\">Jarny\u00a0: la fr\u00e9quentation de la gare SNCF a augment\u00e9 de 30\u00a0% en cinq ans<\/a><\/li>\n<li><a class=\"wp-block-latest-posts__post-title\" href=\"https:\/\/www.railavenir.com\/index.php\/2025\/03\/10\/on-ne-veut-pas-devenir-un-desert-ferroviaire-manif-du-1er-mars\/\">\u00ab\u00a0On ne veut pas devenir un d\u00e9sert ferroviaire !\u00a0\u00bb manif&rsquo; du 1er mars<\/a><\/li>\n<li><a class=\"wp-block-latest-posts__post-title\" href=\"https:\/\/www.railavenir.com\/index.php\/2025\/02\/04\/capillaires-fret-une-renovation-indispensable-aux-flux-agricoles-en-champagne\/\">Capillaires fret : une r\u00e9novation indispensable aux flux agricoles en Champagne<\/a><\/li>\n<li><a class=\"wp-block-latest-posts__post-title\" href=\"https:\/\/www.railavenir.com\/index.php\/2025\/02\/04\/cest-quoi-ce-petit-train-electrique-qui-va-circuler-sur-les-voies-ferrees-oubliees\/\">C\u2019est quoi ce petit train \u00e9lectrique qui va circuler sur les voies ferr\u00e9es oubli\u00e9es\u00a0?<\/a><\/li>\n<li><a class=\"wp-block-latest-posts__post-title\" href=\"https:\/\/www.railavenir.com\/index.php\/2025\/02\/04\/mobilite-les-ruraux-se-pauperisent-a-cause-de-la-dependance-a-la-voiture\/\">Mobilit\u00e9 : \u00ab Les ruraux se paup\u00e9risent \u00e0 cause de la d\u00e9pendance \u00e0 la voiture \u00bb<\/a><\/li>\n<li><a class=\"wp-block-latest-posts__post-title\" href=\"https:\/\/www.railavenir.com\/index.php\/2022\/12\/07\/compte-rendu-corest-jarny-24-octobre-2022\/\">Compte-rendu COREST-  Jarny 24 octobre 2022<\/a><\/li>\n<li><a class=\"wp-block-latest-posts__post-title\" href=\"https:\/\/www.railavenir.com\/index.php\/2022\/03\/24\/le-plan-de-transport-adapte\/\">Le plan de transport adapt\u00e9<\/a><\/li>\n<li><a class=\"wp-block-latest-posts__post-title\" href=\"https:\/\/www.railavenir.com\/index.php\/2021\/12\/04\/envoie-dun-courrier-a-la-sncf-concernant-levolution-de-la-desserte-du-tgv-est\/\">Envoi d&rsquo;un courrier \u00e0 la SNCF concernant l\u2019\u00e9volution de la desserte du TGV Est<\/a><\/li>\n<li><a class=\"wp-block-latest-posts__post-title\" href=\"https:\/\/www.railavenir.com\/index.php\/2021\/11\/18\/reprise-permanence-mobilite-a-verdun\/\">Reprise Permanence Mobilit\u00e9 \u00e0 VERDUN<\/a><\/li>\n<li><a class=\"wp-block-latest-posts__post-title\" href=\"https:\/\/www.railavenir.com\/index.php\/2021\/06\/02\/annonce-notre-assemblee-generale\/\">ANNONCE: notre Assembl\u00e9e G\u00e9n\u00e9rale,<\/a><\/li>\n<li><a class=\"wp-block-latest-posts__post-title\" href=\"https:\/\/www.railavenir.com\/index.php\/2021\/05\/24\/une-bonne-nouvelle-pour-les-velos\/\">UNE BONNE NOUVELLE POUR LES VELOS<\/a><\/li>\n<li><a class=\"wp-block-latest-posts__post-title\" href=\"https:\/\/www.railavenir.com\/index.php\/2021\/05\/21\/une-annonce-importante\/\">UNE ANNONCE importante:<\/a><\/li>\n<li><a class=\"wp-block-latest-posts__post-title\" href=\"https:\/\/www.railavenir.com\/index.php\/2021\/05\/12\/une-annonce\/\">Une annonce:<\/a><\/li>\n<li><a class=\"wp-block-latest-posts__post-title\" href=\"https:\/\/www.railavenir.com\/index.php\/2021\/05\/03\/pour-la-petite-histoire-un-evenement-ferroviaire-qui-ne-pourrait-plus-etre-vecu-aujourdhui\/\">Pour la petite histoire: un \u00e9v\u00e9nement ferroviaire qui ne pourrait plus \u00eatre v\u00e9cu aujourd&rsquo;hui!<\/a><\/li>\n<li><a class=\"wp-block-latest-posts__post-title\" href=\"https:\/\/www.railavenir.com\/index.php\/2021\/04\/27\/les-nouvelles-sources-denergie-pour-les-transports\/\">Les nouvelles sources d\u2019\u00e9nergie pour les transports:<\/a><\/li>\n<li><a class=\"wp-block-latest-posts__post-title\" href=\"https:\/\/www.railavenir.com\/index.php\/2021\/04\/26\/la-gare-de-vandieres-va-t-elle-enfin-trouver-son-epilogue\/\">La gare de Vandi\u00e8res va-t-elle enfin trouver son \u00e9pilogue&#8230;<\/a><\/li>\n<li><a class=\"wp-block-latest-posts__post-title\" href=\"https:\/\/www.railavenir.com\/index.php\/2021\/04\/16\/non-la-voiture-electrique-nest-pas-ecologique\/\">Non, la voiture \u00e9lectrique n&rsquo;est pas \u00e9cologique!&#8230;<\/a><\/li>\n<li><a class=\"wp-block-latest-posts__post-title\" href=\"https:\/\/www.railavenir.com\/index.php\/2021\/04\/08\/sur-les-mobilites-douces\/\">Sur les mobilit\u00e9s douces:<\/a><\/li>\n<li><a class=\"wp-block-latest-posts__post-title\" href=\"https:\/\/www.railavenir.com\/index.php\/2021\/03\/17\/le-train-vers-lautocar-une-fausse-bonne-idee\/\">Le train vers l&rsquo;autocar: une fausse bonne id\u00e9e:<\/a><\/li>\n<li><a class=\"wp-block-latest-posts__post-title\" href=\"https:\/\/www.railavenir.com\/index.php\/2021\/03\/15\/au-sujet-de-la-fermeture-des-guichets-dans-les-gares-nous-intervenons\/\">Au sujet de la fermeture des guichets dans les gares: nous intervenons!<\/a><\/li>\n<li><a class=\"wp-block-latest-posts__post-title\" href=\"https:\/\/www.railavenir.com\/index.php\/2021\/03\/08\/ils-ne-sont-pas-toujours-daccord-le-train-nest-pas-ecologique\/\">Ils ne sont pas toujours d&rsquo;accord: le train n&rsquo;est pas \u00e9cologique!&#8230;<\/a><\/li>\n<li><a class=\"wp-block-latest-posts__post-title\" href=\"https:\/\/www.railavenir.com\/index.php\/2021\/03\/08\/une-avancee-pour-le-train-railcoop-va-faire-rouler-des-trains\/\">Une avanc\u00e9e, Railcoop va faire rouler des trains:<\/a><\/li>\n<li><a class=\"wp-block-latest-posts__post-title\" href=\"https:\/\/www.railavenir.com\/index.php\/2021\/02\/26\/la-mobilite-douce-sur-le-velo\/\">La mobilit\u00e9 active, le v\u00e9lo :<\/a><\/li>\n<li><a class=\"wp-block-latest-posts__post-title\" href=\"https:\/\/www.railavenir.com\/index.php\/2021\/02\/25\/des-nouvelles-pas-rejouissantes-dans-le-grand-est\/\">Des nouvelles (pas r\u00e9jouissantes) dans le Grand-Est:<\/a><\/li>\n<li><a class=\"wp-block-latest-posts__post-title\" href=\"https:\/\/www.railavenir.com\/index.php\/2021\/02\/25\/alerte-sur-la-ligne-4\/\">Alerte sur la Ligne 4:<\/a><\/li>\n<li><a class=\"wp-block-latest-posts__post-title\" href=\"https:\/\/www.railavenir.com\/index.php\/2021\/02\/16\/sur-la-chaine-lcp-un-film-tres-interessant\/\">Sur la cha\u00eene LCP, un film tr\u00e8s int\u00e9ressant:<\/a><\/li>\n<li><a class=\"wp-block-latest-posts__post-title\" href=\"https:\/\/www.railavenir.com\/index.php\/2021\/02\/14\/appel-a-benevoles\/\">Nos objectifs et un appel pour recruter des b\u00e9n\u00e9voles:<\/a><\/li>\n<li><a class=\"wp-block-latest-posts__post-title\" href=\"https:\/\/www.railavenir.com\/index.php\/2021\/02\/12\/un-article-publie-dans-lunion-le-05-fevrier-2021\/\">Un article publi\u00e9 dans l&rsquo;Union le 05 f\u00e9vrier 2021:<\/a><\/li>\n<li><a class=\"wp-block-latest-posts__post-title\" href=\"https:\/\/www.railavenir.com\/index.php\/2021\/02\/12\/une-association-que-veut-faire-rouler-des-trains\/\">Une association que veut faire rouler des trains:<\/a><\/li>\n<li><a class=\"wp-block-latest-posts__post-title\" href=\"https:\/\/www.railavenir.com\/index.php\/2021\/02\/10\/une-video-courte-realisee-par-rail-avenir\/\">Une vid\u00e9o (courte) r\u00e9alis\u00e9e par Rail-Avenir<\/a><\/li>\n<li><a class=\"wp-block-latest-posts__post-title\" href=\"https:\/\/www.railavenir.com\/index.php\/2021\/02\/10\/le-scandale-des-guichets-fermes\/\">Le scandale des guichets ferm\u00e9s !<\/a><\/li>\n<li><a class=\"wp-block-latest-posts__post-title\" href=\"https:\/\/www.railavenir.com\/index.php\/2021\/02\/10\/le-train-leger-solution-pour-les-petites-lignes\/\">Le train l\u00e9ger, solution pour les petites lignes&#8230;<\/a><\/li>\n<li><a class=\"wp-block-latest-posts__post-title\" href=\"https:\/\/www.railavenir.com\/index.php\/2021\/02\/09\/pour-des-propositions-concernant-la-reouverture-de-la-ligne-5\/\">Pour des propositions concernant la r\u00e9ouverture de la Ligne 5:<\/a><\/li>\n<li><a class=\"wp-block-latest-posts__post-title\" href=\"https:\/\/www.railavenir.com\/index.php\/2021\/02\/09\/pour-une-histoire-de-la-ligne-5-certes-partielle\/\">Pour une histoire de la Ligne 5 (certes partielle):<\/a><\/li>\n<li><a class=\"wp-block-latest-posts__post-title\" href=\"https:\/\/www.railavenir.com\/index.php\/2021\/02\/08\/un-moment-sur-les-ag-de-lassociation\/\">Un moment sur les AG de l&rsquo;association:<\/a><\/li>\n<li><a class=\"wp-block-latest-posts__post-title\" href=\"https:\/\/www.railavenir.com\/index.php\/2019\/02\/14\/meuse-tgv-avis-de-ses-usagers\/\">Meuse TGV : avis de ses usagers<\/a><\/li>\n<li><a class=\"wp-block-latest-posts__post-title\" href=\"https:\/\/www.railavenir.com\/index.php\/2019\/02\/13\/journee-transports-et-ruralite-etain\/\">Journ\u00e9e Transports et Ruralit\u00e9 Etain<\/a><\/li>\n<li><a class=\"wp-block-latest-posts__post-title\" href=\"https:\/\/www.railavenir.com\/index.php\/2019\/01\/07\/33-photos-de-la-gare-de-sainte-menehould-51\/\">33 photos de la gare de Sainte-Menehould (51)<\/a><\/li>\n<li><a class=\"wp-block-latest-posts__post-title\" href=\"https:\/\/www.railavenir.com\/index.php\/2017\/02\/15\/ca-2017\/\">CA 2017<\/a><\/li>\n<li><a class=\"wp-block-latest-posts__post-title\" href=\"https:\/\/www.railavenir.com\/index.php\/2017\/02\/01\/chalons-verdun-mise-sur-route\/\">Chalons &#8211; Verdun mise sur route<\/a><\/li>\n<li><a class=\"wp-block-latest-posts__post-title\" href=\"https:\/\/www.railavenir.com\/index.php\/2017\/01\/08\/debat-du-8-janvier-2017\/\">D\u00e9bat du 8 janvier 2017<\/a><\/li>\n<li><a class=\"wp-block-latest-posts__post-title\" href=\"https:\/\/www.railavenir.com\/index.php\/2016\/12\/07\/on-veut-reactiver-la-ligne-5\/\">\u00ab\u00a0On veut r\u00e9activer la ligne 5\u00a0\u00bb<\/a><\/li>\n<li><a class=\"wp-block-latest-posts__post-title\" href=\"https:\/\/www.railavenir.com\/index.php\/2016\/12\/05\/lancement-du-programme-de-perennisation-des-lignes-capillaires-fret-en-champagne-ardenne\/\">Lancement du programme de p\u00e9rennisation des lignes capillaires FRET en Champagne-Ardenne<\/a><\/li>\n<li><a class=\"wp-block-latest-posts__post-title\" href=\"https:\/\/www.railavenir.com\/index.php\/2016\/12\/05\/transports-la-region-grand-est-renove-et-modernise-le-reseau-ferroviaire-en-champagne-ardenne\/\">Transports : la R\u00e9gion Grand Est r\u00e9nove et modernise le r\u00e9seau ferroviaire en Champagne-Ardenne<\/a><\/li>\n<li><a class=\"wp-block-latest-posts__post-title\" href=\"https:\/\/www.railavenir.com\/index.php\/2016\/12\/05\/la-region-optimise-son-materiel-roulant-ter\/\">La R\u00e9gion optimise son mat\u00e9riel roulant TER<\/a><\/li>\n<li><a class=\"wp-block-latest-posts__post-title\" href=\"https:\/\/www.railavenir.com\/index.php\/2016\/10\/28\/rapport-dobservations\/\">RAPPORT D&rsquo;OBSERVATIONS<\/a><\/li>\n<li><a class=\"wp-block-latest-posts__post-title\" href=\"https:\/\/www.railavenir.com\/index.php\/2016\/09\/14\/vous-empruntez-regulierement-la-liaison-chalons-en-champagne-verdun-ou-verdun-etain-conflans\/\">Vous empruntez r\u00e9guli\u00e8rement la liaison Ch\u00e2lons-En-Champagne -> Verdun ou Verdun -> Etain -> Conflans ?<\/a><\/li>\n<li><a class=\"wp-block-latest-posts__post-title\" href=\"https:\/\/www.railavenir.com\/index.php\/2015\/01\/29\/evolution-2015\/\">Evolution 2015&#8230;<\/a><\/li>\n<li><a class=\"wp-block-latest-posts__post-title\" href=\"https:\/\/www.railavenir.com\/index.php\/2012\/03\/30\/manifestation-en-gare-de-verdun\/\">Manifestation en gare de Verdun<\/a><\/li>\n<li><a class=\"wp-block-latest-posts__post-title\" href=\"https:\/\/www.railavenir.com\/index.php\/2011\/11\/15\/lettre-ouverte-a-christian-namy\/\">Lettre ouverte \u00e0 Christian Namy<\/a><\/li>\n<li><a class=\"wp-block-latest-posts__post-title\" href=\"https:\/\/www.railavenir.com\/index.php\/2010\/12\/06\/une-halle-jouxtant-la-gare-est-louee-a-une-association-dagriculteurs-locaux\/\">Une halle jouxtant la gare est lou\u00e9e \u00e0 une association d&rsquo;agriculteurs locaux<\/a><\/li>\n<li><a class=\"wp-block-latest-posts__post-title\" href=\"https:\/\/www.railavenir.com\/index.php\/2010\/05\/22\/rapport-dorientation-pour-lannee-2009\/\">Rapport d\u2019Orientation pour l\u2019ann\u00e9e 2009<\/a><\/li>\n<li><a class=\"wp-block-latest-posts__post-title\" href=\"https:\/\/www.railavenir.com\/index.php\/2010\/05\/22\/rapport-dactivites-pour-lannee-2009\/\">Rapport d\u2019Activit\u00e9s pour l\u2019ann\u00e9e 2009<\/a><\/li>\n<li><a class=\"wp-block-latest-posts__post-title\" href=\"https:\/\/www.railavenir.com\/index.php\/2010\/05\/22\/rapport-dactivites-pour-lannee-2008\/\">Rapport d\u2019Activit\u00e9s pour l\u2019ann\u00e9e 2008<\/a><\/li>\n<li><a class=\"wp-block-latest-posts__post-title\" href=\"https:\/\/www.railavenir.com\/index.php\/2010\/04\/28\/lhumanite-externalisation-de-linformatique-de-la-sncf\/\">L&rsquo;humanit\u00e9 : externalisation de l&rsquo;informatique de la SNCF<\/a><\/li>\n<li><a class=\"wp-block-latest-posts__post-title\" href=\"https:\/\/www.railavenir.com\/index.php\/2010\/01\/21\/autercovec\/\">\u00ab\u00a0AUTERCOVEC\u00a0\u00bb<\/a><\/li>\n<\/ul>\n\n\n<p><\/p>\n","protected":false},"excerpt":{"rendered":"","protected":false},"author":1,"featured_media":0,"parent":0,"menu_order":0,"comment_status":"closed","ping_status":"closed","template":"","meta":{"footnotes":""},"class_list":["post-36","page","type-page","status-publish","hentry"],"aioseo_notices":[],"yoast_head":"<!-- This site is optimized with the Yoast SEO plugin v24.8.1 - https:\/\/yoast.com\/wordpress\/plugins\/seo\/ -->\n<title>Sujets en cours... - Rail Avenir<\/title>\n<meta name=\"description\" content=\"L&#039;Association Rail Avenir situ\u00e9e en Argonne d\u00e9fend les usagers du transport, rattach\u00e9 \u00e0 la FNAUT, n&#039;h\u00e9sitez-pas \u00e0 les contacter. Si\u00e8ge social est situ\u00e9 \u00e0 Verdun. Le pr\u00e9sident de l&#039;Association, Roland Rouy\u00e8re et les administrateurs de l&#039;association agissent pour d\u00e9fendre la mobilit\u00e9 douce en milieu rural.. en savoir plus...\" \/>\n<meta name=\"robots\" content=\"index, follow, max-snippet:-1, max-image-preview:large, max-video-preview:-1\" \/>\n<link rel=\"canonical\" href=\"https:\/\/www.railavenir.com\/index.php\/sujets-en-cours\/\" \/>\n<meta property=\"og:locale\" content=\"fr_FR\" \/>\n<meta property=\"og:type\" content=\"article\" \/>\n<meta property=\"og:title\" content=\"Sujets en cours... - Rail Avenir\" \/>\n<meta property=\"og:description\" content=\"L&#039;Association Rail Avenir situ\u00e9e en Argonne d\u00e9fend les usagers du transport, rattach\u00e9 \u00e0 la FNAUT, n&#039;h\u00e9sitez-pas \u00e0 les contacter. Si\u00e8ge social est situ\u00e9 \u00e0 Verdun. Le pr\u00e9sident de l&#039;Association, Roland Rouy\u00e8re et les administrateurs de l&#039;association agissent pour d\u00e9fendre la mobilit\u00e9 douce en milieu rural.. en savoir plus...\" \/>\n<meta property=\"og:url\" content=\"https:\/\/www.railavenir.com\/index.php\/sujets-en-cours\/\" \/>\n<meta property=\"og:site_name\" content=\"Rail Avenir\" \/>\n<meta property=\"article:modified_time\" content=\"2021-10-15T13:18:36+00:00\" \/>\n<meta name=\"twitter:card\" content=\"summary_large_image\" \/>\n<script type=\"application\/ld+json\" class=\"yoast-schema-graph\">{\"@context\":\"https:\/\/schema.org\",\"@graph\":[{\"@type\":\"WebPage\",\"@id\":\"https:\/\/www.railavenir.com\/index.php\/sujets-en-cours\/\",\"url\":\"https:\/\/www.railavenir.com\/index.php\/sujets-en-cours\/\",\"name\":\"Sujets en cours... - Rail Avenir\",\"isPartOf\":{\"@id\":\"https:\/\/www.railavenir.com\/#website\"},\"datePublished\":\"2020-10-28T14:57:49+00:00\",\"dateModified\":\"2021-10-15T13:18:36+00:00\",\"description\":\"L'Association Rail Avenir situ\u00e9e en Argonne d\u00e9fend les usagers du transport, rattach\u00e9 \u00e0 la FNAUT, n'h\u00e9sitez-pas \u00e0 les contacter. Si\u00e8ge social est situ\u00e9 \u00e0 Verdun. Le pr\u00e9sident de l'Association, Roland Rouy\u00e8re et les administrateurs de l'association agissent pour d\u00e9fendre la mobilit\u00e9 douce en milieu rural.. en savoir plus...\",\"breadcrumb\":{\"@id\":\"https:\/\/www.railavenir.com\/index.php\/sujets-en-cours\/#breadcrumb\"},\"inLanguage\":\"fr-FR\",\"potentialAction\":[{\"@type\":\"ReadAction\",\"target\":[\"https:\/\/www.railavenir.com\/index.php\/sujets-en-cours\/\"]}]},{\"@type\":\"BreadcrumbList\",\"@id\":\"https:\/\/www.railavenir.com\/index.php\/sujets-en-cours\/#breadcrumb\",\"itemListElement\":[{\"@type\":\"ListItem\",\"position\":1,\"name\":\"Accueil\",\"item\":\"https:\/\/www.railavenir.com\/\"},{\"@type\":\"ListItem\",\"position\":2,\"name\":\"Sujets en cours&#8230;\"}]},{\"@type\":\"WebSite\",\"@id\":\"https:\/\/www.railavenir.com\/#website\",\"url\":\"https:\/\/www.railavenir.com\/\",\"name\":\"Rail Avenir\",\"description\":\"Association Rail Avenir\",\"publisher\":{\"@id\":\"https:\/\/www.railavenir.com\/#organization\"},\"potentialAction\":[{\"@type\":\"SearchAction\",\"target\":{\"@type\":\"EntryPoint\",\"urlTemplate\":\"https:\/\/www.railavenir.com\/?s={search_term_string}\"},\"query-input\":{\"@type\":\"PropertyValueSpecification\",\"valueRequired\":true,\"valueName\":\"search_term_string\"}}],\"inLanguage\":\"fr-FR\"},{\"@type\":\"Organization\",\"@id\":\"https:\/\/www.railavenir.com\/#organization\",\"name\":\"Rail Avenir\",\"url\":\"https:\/\/www.railavenir.com\/\",\"logo\":{\"@type\":\"ImageObject\",\"inLanguage\":\"fr-FR\",\"@id\":\"https:\/\/www.railavenir.com\/#\/schema\/logo\/image\/\",\"url\":\"https:\/\/www.railavenir.com\/wp-content\/uploads\/2021\/02\/cropped-Logo-officiel-Rail-Avenir.png\",\"contentUrl\":\"https:\/\/www.railavenir.com\/wp-content\/uploads\/2021\/02\/cropped-Logo-officiel-Rail-Avenir.png\",\"width\":150,\"height\":150,\"caption\":\"Rail Avenir\"},\"image\":{\"@id\":\"https:\/\/www.railavenir.com\/#\/schema\/logo\/image\/\"}}]}<\/script>\n<!-- \/ Yoast SEO plugin. -->","yoast_head_json":{"title":"Sujets en cours... - Rail Avenir","description":"L'Association Rail Avenir situ\u00e9e en Argonne d\u00e9fend les usagers du transport, rattach\u00e9 \u00e0 la FNAUT, n'h\u00e9sitez-pas \u00e0 les contacter. Si\u00e8ge social est situ\u00e9 \u00e0 Verdun. Le pr\u00e9sident de l'Association, Roland Rouy\u00e8re et les administrateurs de l'association agissent pour d\u00e9fendre la mobilit\u00e9 douce en milieu rural.. en savoir plus...","robots":{"index":"index","follow":"follow","max-snippet":"max-snippet:-1","max-image-preview":"max-image-preview:large","max-video-preview":"max-video-preview:-1"},"canonical":"https:\/\/www.railavenir.com\/index.php\/sujets-en-cours\/","og_locale":"fr_FR","og_type":"article","og_title":"Sujets en cours... - Rail Avenir","og_description":"L'Association Rail Avenir situ\u00e9e en Argonne d\u00e9fend les usagers du transport, rattach\u00e9 \u00e0 la FNAUT, n'h\u00e9sitez-pas \u00e0 les contacter. Si\u00e8ge social est situ\u00e9 \u00e0 Verdun. Le pr\u00e9sident de l'Association, Roland Rouy\u00e8re et les administrateurs de l'association agissent pour d\u00e9fendre la mobilit\u00e9 douce en milieu rural.. en savoir plus...","og_url":"https:\/\/www.railavenir.com\/index.php\/sujets-en-cours\/","og_site_name":"Rail Avenir","article_modified_time":"2021-10-15T13:18:36+00:00","twitter_card":"summary_large_image","schema":{"@context":"https:\/\/schema.org","@graph":[{"@type":"WebPage","@id":"https:\/\/www.railavenir.com\/index.php\/sujets-en-cours\/","url":"https:\/\/www.railavenir.com\/index.php\/sujets-en-cours\/","name":"Sujets en cours... - Rail Avenir","isPartOf":{"@id":"https:\/\/www.railavenir.com\/#website"},"datePublished":"2020-10-28T14:57:49+00:00","dateModified":"2021-10-15T13:18:36+00:00","description":"L'Association Rail Avenir situ\u00e9e en Argonne d\u00e9fend les usagers du transport, rattach\u00e9 \u00e0 la FNAUT, n'h\u00e9sitez-pas \u00e0 les contacter. Si\u00e8ge social est situ\u00e9 \u00e0 Verdun. Le pr\u00e9sident de l'Association, Roland Rouy\u00e8re et les administrateurs de l'association agissent pour d\u00e9fendre la mobilit\u00e9 douce en milieu rural.. en savoir plus...","breadcrumb":{"@id":"https:\/\/www.railavenir.com\/index.php\/sujets-en-cours\/#breadcrumb"},"inLanguage":"fr-FR","potentialAction":[{"@type":"ReadAction","target":["https:\/\/www.railavenir.com\/index.php\/sujets-en-cours\/"]}]},{"@type":"BreadcrumbList","@id":"https:\/\/www.railavenir.com\/index.php\/sujets-en-cours\/#breadcrumb","itemListElement":[{"@type":"ListItem","position":1,"name":"Accueil","item":"https:\/\/www.railavenir.com\/"},{"@type":"ListItem","position":2,"name":"Sujets en cours&#8230;"}]},{"@type":"WebSite","@id":"https:\/\/www.railavenir.com\/#website","url":"https:\/\/www.railavenir.com\/","name":"Rail Avenir","description":"Association Rail Avenir","publisher":{"@id":"https:\/\/www.railavenir.com\/#organization"},"potentialAction":[{"@type":"SearchAction","target":{"@type":"EntryPoint","urlTemplate":"https:\/\/www.railavenir.com\/?s={search_term_string}"},"query-input":{"@type":"PropertyValueSpecification","valueRequired":true,"valueName":"search_term_string"}}],"inLanguage":"fr-FR"},{"@type":"Organization","@id":"https:\/\/www.railavenir.com\/#organization","name":"Rail Avenir","url":"https:\/\/www.railavenir.com\/","logo":{"@type":"ImageObject","inLanguage":"fr-FR","@id":"https:\/\/www.railavenir.com\/#\/schema\/logo\/image\/","url":"https:\/\/www.railavenir.com\/wp-content\/uploads\/2021\/02\/cropped-Logo-officiel-Rail-Avenir.png","contentUrl":"https:\/\/www.railavenir.com\/wp-content\/uploads\/2021\/02\/cropped-Logo-officiel-Rail-Avenir.png","width":150,"height":150,"caption":"Rail Avenir"},"image":{"@id":"https:\/\/www.railavenir.com\/#\/schema\/logo\/image\/"}}]}},"_links":{"self":[{"href":"https:\/\/www.railavenir.com\/index.php\/wp-json\/wp\/v2\/pages\/36","targetHints":{"allow":["GET"]}}],"collection":[{"href":"https:\/\/www.railavenir.com\/index.php\/wp-json\/wp\/v2\/pages"}],"about":[{"href":"https:\/\/www.railavenir.com\/index.php\/wp-json\/wp\/v2\/types\/page"}],"author":[{"embeddable":true,"href":"https:\/\/www.railavenir.com\/index.php\/wp-json\/wp\/v2\/users\/1"}],"replies":[{"embeddable":true,"href":"https:\/\/www.railavenir.com\/index.php\/wp-json\/wp\/v2\/comments?post=36"}],"version-history":[{"count":3,"href":"https:\/\/www.railavenir.com\/index.php\/wp-json\/wp\/v2\/pages\/36\/revisions"}],"predecessor-version":[{"id":83,"href":"https:\/\/www.railavenir.com\/index.php\/wp-json\/wp\/v2\/pages\/36\/revisions\/83"}],"wp:attachment":[{"href":"https:\/\/www.railavenir.com\/index.php\/wp-json\/wp\/v2\/media?parent=36"}],"curies":[{"name":"wp","href":"https:\/\/api.w.org\/{rel}","templated":true}]}}