{"id":50,"date":"2020-10-28T16:02:18","date_gmt":"2020-10-28T15:02:18","guid":{"rendered":"http:\/\/www.railavenir.com\/?page_id=50"},"modified":"2022-03-24T08:36:46","modified_gmt":"2022-03-24T07:36:46","slug":"le-bureau","status":"publish","type":"page","link":"https:\/\/www.railavenir.com\/index.php\/le-bureau\/","title":{"rendered":"Le CA et le bureau"},"content":{"rendered":"\n<p><strong>LE CA : <\/strong><\/p>\n\n\n\n<ul class=\"wp-block-list\"><li>Ren\u00e9 MANGIN<\/li><li>Bernard DENIZART<\/li><li>Guillaume AUSSEL<\/li><li>Yves HALBIN<\/li><li>Association ARGONNE POLE Naturel REGIONAL (APNR)<\/li><li>Daniel BINSFELD<\/li><li>Michel DIT MERY<\/li><li>Roland ROUYERE<\/li><li>Membres coopt\u00e9s : <br>&#8211; Th\u00e9o LINCKER<br>&#8211; Fabien LAURENT<br>Le CA est r\u00e9guli\u00e8rement \u00e9largi aux Collectifs de soutien marnais et meusien<\/li><\/ul>\n\n\n\n<p><strong>LE BUREAU<\/strong> <strong>:<\/strong><\/p>\n\n\n\n<ul class=\"wp-block-list\"><li>President : Roland ROUY\u00c8RE<\/li><li>Vices presidents : Guillaume AUSSEL et Ren\u00e9 MANGIN<\/li><li>Tr\u00e9sorier : Bernard Denizart<\/li><li>Secr\u00e9taire : vacant<\/li><\/ul>\n\n\n\n<p><\/p>\n","protected":false},"excerpt":{"rendered":"<p>LE CA : Ren\u00e9 MANGIN Bernard DENIZART Guillaume AUSSEL Yves HALBIN Association ARGONNE POLE Naturel REGIONAL (APNR) Daniel BINSFELD Michel<\/p>\n","protected":false},"author":1,"featured_media":0,"parent":0,"menu_order":0,"comment_status":"closed","ping_status":"closed","template":"","meta":{"footnotes":""},"class_list":["post-50","page","type-page","status-publish","hentry"],"aioseo_notices":[],"yoast_head":"<!-- This site is optimized with the Yoast SEO plugin v24.8.1 - https:\/\/yoast.com\/wordpress\/plugins\/seo\/ -->\n<title>Le CA et le bureau - Rail Avenir<\/title>\n<meta name=\"description\" content=\"L&#039;Association Rail Avenir situ\u00e9e en Argonne d\u00e9fend les usagers du transport, rattach\u00e9 \u00e0 la FNAUT, n&#039;h\u00e9sitez-pas \u00e0 les contacter. Si\u00e8ge social est situ\u00e9 \u00e0 Verdun. Le pr\u00e9sident de l&#039;Association, Roland Rouy\u00e8re et les administrateurs de l&#039;association agissent pour d\u00e9fendre la mobilit\u00e9 douce en milieu rural.. en savoir plus...\" \/>\n<meta name=\"robots\" content=\"index, follow, max-snippet:-1, max-image-preview:large, max-video-preview:-1\" \/>\n<link rel=\"canonical\" href=\"https:\/\/www.railavenir.com\/index.php\/le-bureau\/\" \/>\n<meta property=\"og:locale\" content=\"fr_FR\" \/>\n<meta property=\"og:type\" content=\"article\" \/>\n<meta property=\"og:title\" content=\"Le CA et le bureau - Rail Avenir\" \/>\n<meta property=\"og:description\" content=\"L&#039;Association Rail Avenir situ\u00e9e en Argonne d\u00e9fend les usagers du transport, rattach\u00e9 \u00e0 la FNAUT, n&#039;h\u00e9sitez-pas \u00e0 les contacter. Si\u00e8ge social est situ\u00e9 \u00e0 Verdun. Le pr\u00e9sident de l&#039;Association, Roland Rouy\u00e8re et les administrateurs de l&#039;association agissent pour d\u00e9fendre la mobilit\u00e9 douce en milieu rural.. en savoir plus...\" \/>\n<meta property=\"og:url\" content=\"https:\/\/www.railavenir.com\/index.php\/le-bureau\/\" \/>\n<meta property=\"og:site_name\" content=\"Rail Avenir\" \/>\n<meta property=\"article:modified_time\" content=\"2022-03-24T07:36:46+00:00\" \/>\n<meta name=\"twitter:card\" content=\"summary_large_image\" \/>\n<meta name=\"twitter:label1\" content=\"Dur\u00e9e de lecture estim\u00e9e\" \/>\n\t<meta name=\"twitter:data1\" content=\"1 minute\" \/>\n<script type=\"application\/ld+json\" class=\"yoast-schema-graph\">{\"@context\":\"https:\/\/schema.org\",\"@graph\":[{\"@type\":\"WebPage\",\"@id\":\"https:\/\/www.railavenir.com\/index.php\/le-bureau\/\",\"url\":\"https:\/\/www.railavenir.com\/index.php\/le-bureau\/\",\"name\":\"Le CA et le bureau - Rail Avenir\",\"isPartOf\":{\"@id\":\"https:\/\/www.railavenir.com\/#website\"},\"datePublished\":\"2020-10-28T15:02:18+00:00\",\"dateModified\":\"2022-03-24T07:36:46+00:00\",\"description\":\"L'Association Rail Avenir situ\u00e9e en Argonne d\u00e9fend les usagers du transport, rattach\u00e9 \u00e0 la FNAUT, n'h\u00e9sitez-pas \u00e0 les contacter. Si\u00e8ge social est situ\u00e9 \u00e0 Verdun. Le pr\u00e9sident de l'Association, Roland Rouy\u00e8re et les administrateurs de l'association agissent pour d\u00e9fendre la mobilit\u00e9 douce en milieu rural.. en savoir plus...\",\"breadcrumb\":{\"@id\":\"https:\/\/www.railavenir.com\/index.php\/le-bureau\/#breadcrumb\"},\"inLanguage\":\"fr-FR\",\"potentialAction\":[{\"@type\":\"ReadAction\",\"target\":[\"https:\/\/www.railavenir.com\/index.php\/le-bureau\/\"]}]},{\"@type\":\"BreadcrumbList\",\"@id\":\"https:\/\/www.railavenir.com\/index.php\/le-bureau\/#breadcrumb\",\"itemListElement\":[{\"@type\":\"ListItem\",\"position\":1,\"name\":\"Accueil\",\"item\":\"https:\/\/www.railavenir.com\/\"},{\"@type\":\"ListItem\",\"position\":2,\"name\":\"Le CA et le bureau\"}]},{\"@type\":\"WebSite\",\"@id\":\"https:\/\/www.railavenir.com\/#website\",\"url\":\"https:\/\/www.railavenir.com\/\",\"name\":\"Rail Avenir\",\"description\":\"Association Rail Avenir\",\"publisher\":{\"@id\":\"https:\/\/www.railavenir.com\/#organization\"},\"potentialAction\":[{\"@type\":\"SearchAction\",\"target\":{\"@type\":\"EntryPoint\",\"urlTemplate\":\"https:\/\/www.railavenir.com\/?s={search_term_string}\"},\"query-input\":{\"@type\":\"PropertyValueSpecification\",\"valueRequired\":true,\"valueName\":\"search_term_string\"}}],\"inLanguage\":\"fr-FR\"},{\"@type\":\"Organization\",\"@id\":\"https:\/\/www.railavenir.com\/#organization\",\"name\":\"Rail Avenir\",\"url\":\"https:\/\/www.railavenir.com\/\",\"logo\":{\"@type\":\"ImageObject\",\"inLanguage\":\"fr-FR\",\"@id\":\"https:\/\/www.railavenir.com\/#\/schema\/logo\/image\/\",\"url\":\"https:\/\/www.railavenir.com\/wp-content\/uploads\/2021\/02\/cropped-Logo-officiel-Rail-Avenir.png\",\"contentUrl\":\"https:\/\/www.railavenir.com\/wp-content\/uploads\/2021\/02\/cropped-Logo-officiel-Rail-Avenir.png\",\"width\":150,\"height\":150,\"caption\":\"Rail Avenir\"},\"image\":{\"@id\":\"https:\/\/www.railavenir.com\/#\/schema\/logo\/image\/\"}}]}<\/script>\n<!-- \/ Yoast SEO plugin. -->","yoast_head_json":{"title":"Le CA et le bureau - Rail Avenir","description":"L'Association Rail Avenir situ\u00e9e en Argonne d\u00e9fend les usagers du transport, rattach\u00e9 \u00e0 la FNAUT, n'h\u00e9sitez-pas \u00e0 les contacter. Si\u00e8ge social est situ\u00e9 \u00e0 Verdun. Le pr\u00e9sident de l'Association, Roland Rouy\u00e8re et les administrateurs de l'association agissent pour d\u00e9fendre la mobilit\u00e9 douce en milieu rural.. en savoir plus...","robots":{"index":"index","follow":"follow","max-snippet":"max-snippet:-1","max-image-preview":"max-image-preview:large","max-video-preview":"max-video-preview:-1"},"canonical":"https:\/\/www.railavenir.com\/index.php\/le-bureau\/","og_locale":"fr_FR","og_type":"article","og_title":"Le CA et le bureau - Rail Avenir","og_description":"L'Association Rail Avenir situ\u00e9e en Argonne d\u00e9fend les usagers du transport, rattach\u00e9 \u00e0 la FNAUT, n'h\u00e9sitez-pas \u00e0 les contacter. Si\u00e8ge social est situ\u00e9 \u00e0 Verdun. Le pr\u00e9sident de l'Association, Roland Rouy\u00e8re et les administrateurs de l'association agissent pour d\u00e9fendre la mobilit\u00e9 douce en milieu rural.. en savoir plus...","og_url":"https:\/\/www.railavenir.com\/index.php\/le-bureau\/","og_site_name":"Rail Avenir","article_modified_time":"2022-03-24T07:36:46+00:00","twitter_card":"summary_large_image","twitter_misc":{"Dur\u00e9e de lecture estim\u00e9e":"1 minute"},"schema":{"@context":"https:\/\/schema.org","@graph":[{"@type":"WebPage","@id":"https:\/\/www.railavenir.com\/index.php\/le-bureau\/","url":"https:\/\/www.railavenir.com\/index.php\/le-bureau\/","name":"Le CA et le bureau - Rail Avenir","isPartOf":{"@id":"https:\/\/www.railavenir.com\/#website"},"datePublished":"2020-10-28T15:02:18+00:00","dateModified":"2022-03-24T07:36:46+00:00","description":"L'Association Rail Avenir situ\u00e9e en Argonne d\u00e9fend les usagers du transport, rattach\u00e9 \u00e0 la FNAUT, n'h\u00e9sitez-pas \u00e0 les contacter. Si\u00e8ge social est situ\u00e9 \u00e0 Verdun. Le pr\u00e9sident de l'Association, Roland Rouy\u00e8re et les administrateurs de l'association agissent pour d\u00e9fendre la mobilit\u00e9 douce en milieu rural.. en savoir plus...","breadcrumb":{"@id":"https:\/\/www.railavenir.com\/index.php\/le-bureau\/#breadcrumb"},"inLanguage":"fr-FR","potentialAction":[{"@type":"ReadAction","target":["https:\/\/www.railavenir.com\/index.php\/le-bureau\/"]}]},{"@type":"BreadcrumbList","@id":"https:\/\/www.railavenir.com\/index.php\/le-bureau\/#breadcrumb","itemListElement":[{"@type":"ListItem","position":1,"name":"Accueil","item":"https:\/\/www.railavenir.com\/"},{"@type":"ListItem","position":2,"name":"Le CA et le bureau"}]},{"@type":"WebSite","@id":"https:\/\/www.railavenir.com\/#website","url":"https:\/\/www.railavenir.com\/","name":"Rail Avenir","description":"Association Rail Avenir","publisher":{"@id":"https:\/\/www.railavenir.com\/#organization"},"potentialAction":[{"@type":"SearchAction","target":{"@type":"EntryPoint","urlTemplate":"https:\/\/www.railavenir.com\/?s={search_term_string}"},"query-input":{"@type":"PropertyValueSpecification","valueRequired":true,"valueName":"search_term_string"}}],"inLanguage":"fr-FR"},{"@type":"Organization","@id":"https:\/\/www.railavenir.com\/#organization","name":"Rail Avenir","url":"https:\/\/www.railavenir.com\/","logo":{"@type":"ImageObject","inLanguage":"fr-FR","@id":"https:\/\/www.railavenir.com\/#\/schema\/logo\/image\/","url":"https:\/\/www.railavenir.com\/wp-content\/uploads\/2021\/02\/cropped-Logo-officiel-Rail-Avenir.png","contentUrl":"https:\/\/www.railavenir.com\/wp-content\/uploads\/2021\/02\/cropped-Logo-officiel-Rail-Avenir.png","width":150,"height":150,"caption":"Rail Avenir"},"image":{"@id":"https:\/\/www.railavenir.com\/#\/schema\/logo\/image\/"}}]}},"_links":{"self":[{"href":"https:\/\/www.railavenir.com\/index.php\/wp-json\/wp\/v2\/pages\/50","targetHints":{"allow":["GET"]}}],"collection":[{"href":"https:\/\/www.railavenir.com\/index.php\/wp-json\/wp\/v2\/pages"}],"about":[{"href":"https:\/\/www.railavenir.com\/index.php\/wp-json\/wp\/v2\/types\/page"}],"author":[{"embeddable":true,"href":"https:\/\/www.railavenir.com\/index.php\/wp-json\/wp\/v2\/users\/1"}],"replies":[{"embeddable":true,"href":"https:\/\/www.railavenir.com\/index.php\/wp-json\/wp\/v2\/comments?post=50"}],"version-history":[{"count":6,"href":"https:\/\/www.railavenir.com\/index.php\/wp-json\/wp\/v2\/pages\/50\/revisions"}],"predecessor-version":[{"id":986,"href":"https:\/\/www.railavenir.com\/index.php\/wp-json\/wp\/v2\/pages\/50\/revisions\/986"}],"wp:attachment":[{"href":"https:\/\/www.railavenir.com\/index.php\/wp-json\/wp\/v2\/media?parent=50"}],"curies":[{"name":"wp","href":"https:\/\/api.w.org\/{rel}","templated":true}]}}