{"id":794,"date":"2021-03-11T12:11:03","date_gmt":"2021-03-11T11:11:03","guid":{"rendered":"https:\/\/www.railavenir.com\/?page_id=794"},"modified":"2021-03-11T12:11:03","modified_gmt":"2021-03-11T11:11:03","slug":"mentions-legales","status":"publish","type":"page","link":"https:\/\/www.railavenir.com\/index.php\/mentions-legales\/","title":{"rendered":"Mentions l\u00e9gales"},"content":{"rendered":"\n<p><strong>\u00c9DITEUR<\/strong><\/p>\n\n\n\n<p>Le site\u00a0<a href=\"http:\/\/www.artandgraf.com\/\" target=\"_blank\" rel=\"noreferrer noopener\">www.railavenir.com <\/a>est la propri\u00e9t\u00e9 exclusive de l&rsquo;association <strong>Rail Avenir<\/strong>, qui l\u2019\u00e9dite. Son forum en ligne est g\u00e9r\u00e9 par des administrateurs de l&rsquo;association. Ces derniers ont aussi un r\u00f4le de mod\u00e9rateurs.<em><a href=\"https:\/\/www.railavenir.com\/index.php\/2010\/01\/21\/autercovec\/\"> (Ref : les r\u00e8gles de bonne conduite pour les utilisateurs du forum)<\/a><\/em><\/p>\n\n\n\n<p>Conception Web et Wedesign : <strong>Art and Graf\u2019<\/strong> &#8211; Agence de communication <\/p>\n\n\n\n<p>(Immatricul\u00e9e au Registre du Commerce et des Soci\u00e9t\u00e9s \u2013 \u00a0<strong>RC 002 01<\/strong>)<br>T\u00e9l direction et support technique :\u00a0<strong>06 95 04 88 39<\/strong> &#8211; <strong>25 rue de l\u2019Arquebuse \u2013\u00a051800 Sainte M\u00e9nehould\u00a0<\/strong><\/p>\n\n\n\n<p><strong><a href=\"mailto:conception@artandgraf.com\">conception@artandgraf.com<\/a><\/strong><\/p>\n\n\n\n<p><strong>H\u00c9BERGEMENT<\/strong><\/p>\n\n\n\n<p>Le site est h\u00e9berg\u00e9\u00a0par\u00a0<strong>OHV \u2013 SAS au capital de 10 069 020\u00a0<\/strong>\u20ac<strong>\u00a0RCS Lille M\u00e9tropole 424 761 419 00045 Code APE 2620Z N\u00b0 TVA : FR 22 424 761 419 Si\u00e8ge social : 2 rue Kellermann \u2013 59100 Roubaix \u2013 France 59100 Roubaix<\/strong><\/p>\n\n\n\n<p>CMS : WordPress version 5.6.2 &#8211; 2021<\/p>\n","protected":false},"excerpt":{"rendered":"<p>\u00c9DITEUR Le site\u00a0www.railavenir.com est la propri\u00e9t\u00e9 exclusive de l&rsquo;association Rail Avenir, qui l\u2019\u00e9dite. Son forum en ligne est g\u00e9r\u00e9 par<\/p>\n","protected":false},"author":1,"featured_media":0,"parent":0,"menu_order":0,"comment_status":"closed","ping_status":"closed","template":"","meta":{"footnotes":""},"class_list":["post-794","page","type-page","status-publish","hentry"],"aioseo_notices":[],"yoast_head":"<!-- This site is optimized with the Yoast SEO plugin v24.8.1 - https:\/\/yoast.com\/wordpress\/plugins\/seo\/ -->\n<title>Mentions l\u00e9gales - Rail Avenir<\/title>\n<meta name=\"robots\" content=\"index, follow, max-snippet:-1, max-image-preview:large, max-video-preview:-1\" \/>\n<link rel=\"canonical\" href=\"https:\/\/www.railavenir.com\/index.php\/mentions-legales\/\" \/>\n<meta property=\"og:locale\" content=\"fr_FR\" \/>\n<meta property=\"og:type\" content=\"article\" \/>\n<meta property=\"og:title\" content=\"Mentions l\u00e9gales - Rail Avenir\" \/>\n<meta property=\"og:description\" content=\"\u00c9DITEUR Le site\u00a0www.railavenir.com est la propri\u00e9t\u00e9 exclusive de l&rsquo;association Rail Avenir, qui l\u2019\u00e9dite. Son forum en ligne est g\u00e9r\u00e9 par\" \/>\n<meta property=\"og:url\" content=\"https:\/\/www.railavenir.com\/index.php\/mentions-legales\/\" \/>\n<meta property=\"og:site_name\" content=\"Rail Avenir\" \/>\n<meta name=\"twitter:card\" content=\"summary_large_image\" \/>\n<meta name=\"twitter:label1\" content=\"Dur\u00e9e de lecture estim\u00e9e\" \/>\n\t<meta name=\"twitter:data1\" content=\"1 minute\" \/>\n<script type=\"application\/ld+json\" class=\"yoast-schema-graph\">{\"@context\":\"https:\/\/schema.org\",\"@graph\":[{\"@type\":\"WebPage\",\"@id\":\"https:\/\/www.railavenir.com\/index.php\/mentions-legales\/\",\"url\":\"https:\/\/www.railavenir.com\/index.php\/mentions-legales\/\",\"name\":\"Mentions l\u00e9gales - Rail Avenir\",\"isPartOf\":{\"@id\":\"https:\/\/www.railavenir.com\/#website\"},\"datePublished\":\"2021-03-11T11:11:03+00:00\",\"breadcrumb\":{\"@id\":\"https:\/\/www.railavenir.com\/index.php\/mentions-legales\/#breadcrumb\"},\"inLanguage\":\"fr-FR\",\"potentialAction\":[{\"@type\":\"ReadAction\",\"target\":[\"https:\/\/www.railavenir.com\/index.php\/mentions-legales\/\"]}]},{\"@type\":\"BreadcrumbList\",\"@id\":\"https:\/\/www.railavenir.com\/index.php\/mentions-legales\/#breadcrumb\",\"itemListElement\":[{\"@type\":\"ListItem\",\"position\":1,\"name\":\"Accueil\",\"item\":\"https:\/\/www.railavenir.com\/\"},{\"@type\":\"ListItem\",\"position\":2,\"name\":\"Mentions l\u00e9gales\"}]},{\"@type\":\"WebSite\",\"@id\":\"https:\/\/www.railavenir.com\/#website\",\"url\":\"https:\/\/www.railavenir.com\/\",\"name\":\"Rail Avenir\",\"description\":\"Association Rail Avenir\",\"publisher\":{\"@id\":\"https:\/\/www.railavenir.com\/#organization\"},\"potentialAction\":[{\"@type\":\"SearchAction\",\"target\":{\"@type\":\"EntryPoint\",\"urlTemplate\":\"https:\/\/www.railavenir.com\/?s={search_term_string}\"},\"query-input\":{\"@type\":\"PropertyValueSpecification\",\"valueRequired\":true,\"valueName\":\"search_term_string\"}}],\"inLanguage\":\"fr-FR\"},{\"@type\":\"Organization\",\"@id\":\"https:\/\/www.railavenir.com\/#organization\",\"name\":\"Rail Avenir\",\"url\":\"https:\/\/www.railavenir.com\/\",\"logo\":{\"@type\":\"ImageObject\",\"inLanguage\":\"fr-FR\",\"@id\":\"https:\/\/www.railavenir.com\/#\/schema\/logo\/image\/\",\"url\":\"https:\/\/www.railavenir.com\/wp-content\/uploads\/2021\/02\/cropped-Logo-officiel-Rail-Avenir.png\",\"contentUrl\":\"https:\/\/www.railavenir.com\/wp-content\/uploads\/2021\/02\/cropped-Logo-officiel-Rail-Avenir.png\",\"width\":150,\"height\":150,\"caption\":\"Rail Avenir\"},\"image\":{\"@id\":\"https:\/\/www.railavenir.com\/#\/schema\/logo\/image\/\"}}]}<\/script>\n<!-- \/ Yoast SEO plugin. -->","yoast_head_json":{"title":"Mentions l\u00e9gales - Rail Avenir","robots":{"index":"index","follow":"follow","max-snippet":"max-snippet:-1","max-image-preview":"max-image-preview:large","max-video-preview":"max-video-preview:-1"},"canonical":"https:\/\/www.railavenir.com\/index.php\/mentions-legales\/","og_locale":"fr_FR","og_type":"article","og_title":"Mentions l\u00e9gales - Rail Avenir","og_description":"\u00c9DITEUR Le site\u00a0www.railavenir.com est la propri\u00e9t\u00e9 exclusive de l&rsquo;association Rail Avenir, qui l\u2019\u00e9dite. Son forum en ligne est g\u00e9r\u00e9 par","og_url":"https:\/\/www.railavenir.com\/index.php\/mentions-legales\/","og_site_name":"Rail Avenir","twitter_card":"summary_large_image","twitter_misc":{"Dur\u00e9e de lecture estim\u00e9e":"1 minute"},"schema":{"@context":"https:\/\/schema.org","@graph":[{"@type":"WebPage","@id":"https:\/\/www.railavenir.com\/index.php\/mentions-legales\/","url":"https:\/\/www.railavenir.com\/index.php\/mentions-legales\/","name":"Mentions l\u00e9gales - Rail Avenir","isPartOf":{"@id":"https:\/\/www.railavenir.com\/#website"},"datePublished":"2021-03-11T11:11:03+00:00","breadcrumb":{"@id":"https:\/\/www.railavenir.com\/index.php\/mentions-legales\/#breadcrumb"},"inLanguage":"fr-FR","potentialAction":[{"@type":"ReadAction","target":["https:\/\/www.railavenir.com\/index.php\/mentions-legales\/"]}]},{"@type":"BreadcrumbList","@id":"https:\/\/www.railavenir.com\/index.php\/mentions-legales\/#breadcrumb","itemListElement":[{"@type":"ListItem","position":1,"name":"Accueil","item":"https:\/\/www.railavenir.com\/"},{"@type":"ListItem","position":2,"name":"Mentions l\u00e9gales"}]},{"@type":"WebSite","@id":"https:\/\/www.railavenir.com\/#website","url":"https:\/\/www.railavenir.com\/","name":"Rail Avenir","description":"Association Rail Avenir","publisher":{"@id":"https:\/\/www.railavenir.com\/#organization"},"potentialAction":[{"@type":"SearchAction","target":{"@type":"EntryPoint","urlTemplate":"https:\/\/www.railavenir.com\/?s={search_term_string}"},"query-input":{"@type":"PropertyValueSpecification","valueRequired":true,"valueName":"search_term_string"}}],"inLanguage":"fr-FR"},{"@type":"Organization","@id":"https:\/\/www.railavenir.com\/#organization","name":"Rail Avenir","url":"https:\/\/www.railavenir.com\/","logo":{"@type":"ImageObject","inLanguage":"fr-FR","@id":"https:\/\/www.railavenir.com\/#\/schema\/logo\/image\/","url":"https:\/\/www.railavenir.com\/wp-content\/uploads\/2021\/02\/cropped-Logo-officiel-Rail-Avenir.png","contentUrl":"https:\/\/www.railavenir.com\/wp-content\/uploads\/2021\/02\/cropped-Logo-officiel-Rail-Avenir.png","width":150,"height":150,"caption":"Rail Avenir"},"image":{"@id":"https:\/\/www.railavenir.com\/#\/schema\/logo\/image\/"}}]}},"_links":{"self":[{"href":"https:\/\/www.railavenir.com\/index.php\/wp-json\/wp\/v2\/pages\/794","targetHints":{"allow":["GET"]}}],"collection":[{"href":"https:\/\/www.railavenir.com\/index.php\/wp-json\/wp\/v2\/pages"}],"about":[{"href":"https:\/\/www.railavenir.com\/index.php\/wp-json\/wp\/v2\/types\/page"}],"author":[{"embeddable":true,"href":"https:\/\/www.railavenir.com\/index.php\/wp-json\/wp\/v2\/users\/1"}],"replies":[{"embeddable":true,"href":"https:\/\/www.railavenir.com\/index.php\/wp-json\/wp\/v2\/comments?post=794"}],"version-history":[{"count":1,"href":"https:\/\/www.railavenir.com\/index.php\/wp-json\/wp\/v2\/pages\/794\/revisions"}],"predecessor-version":[{"id":795,"href":"https:\/\/www.railavenir.com\/index.php\/wp-json\/wp\/v2\/pages\/794\/revisions\/795"}],"wp:attachment":[{"href":"https:\/\/www.railavenir.com\/index.php\/wp-json\/wp\/v2\/media?parent=794"}],"curies":[{"name":"wp","href":"https:\/\/api.w.org\/{rel}","templated":true}]}}